{"id":18,"date":"2023-05-21T23:19:51","date_gmt":"2023-05-21T23:19:51","guid":{"rendered":"https:\/\/parlakucukkoy.com\/index.php\/about\/"},"modified":"2023-05-26T09:56:30","modified_gmt":"2023-05-26T09:56:30","slug":"hakkimizda","status":"publish","type":"page","link":"https:\/\/parlakucukkoy.com\/en\/hakkimizda\/","title":{"rendered":"About Us"},"content":{"rendered":"<div data-elementor-type=\"wp-page\" data-elementor-id=\"18\" class=\"elementor elementor-18\">\n\t\t\t\t\t\t\t\t\t<section class=\"elementor-section elementor-top-section elementor-element elementor-element-105af49e elementor-section-full_width elementor-section-height-default elementor-section-height-default\" data-id=\"105af49e\" data-element_type=\"section\">\n\t\t\t\t\t\t<div class=\"elementor-container elementor-column-gap-no\">\n\t\t\t\t\t<div class=\"elementor-column elementor-col-50 elementor-top-column elementor-element elementor-element-cfd8dd3\" data-id=\"cfd8dd3\" data-element_type=\"column\">\n\t\t\t<div class=\"elementor-widget-wrap elementor-element-populated\">\n\t\t\t\t\t\t\t\t<div class=\"elementor-element elementor-element-1fc36d9f elementor-widget elementor-widget-image\" data-id=\"1fc36d9f\" data-element_type=\"widget\" data-widget_type=\"image.default\">\n\t\t\t\t<div class=\"elementor-widget-container\">\n\t\t\t<style>\/*! elementor - v3.15.0 - 20-08-2023 *\/\n.elementor-widget-image{text-align:center}.elementor-widget-image a{display:inline-block}.elementor-widget-image a img[src$=\".svg\"]{width:48px}.elementor-widget-image img{vertical-align:middle;display:inline-block}<\/style>\t\t\t\t\t\t\t\t\t\t\t\t<img loading=\"lazy\" decoding=\"async\" width=\"2048\" height=\"1536\" src=\"https:\/\/i0.wp.com\/parlakucukkoy.com\/wp-content\/uploads\/2023\/05\/parla-otel-kucukkoy-ayvalik.jpg?fit=2048%2C1536&amp;ssl=1\" class=\"attachment-full size-full wp-image-182\" alt=\"\" srcset=\"https:\/\/i0.wp.com\/parlakucukkoy.com\/wp-content\/uploads\/2023\/05\/parla-otel-kucukkoy-ayvalik.jpg?w=2048&amp;ssl=1 2048w, https:\/\/i0.wp.com\/parlakucukkoy.com\/wp-content\/uploads\/2023\/05\/parla-otel-kucukkoy-ayvalik.jpg?resize=300%2C225&amp;ssl=1 300w, https:\/\/i0.wp.com\/parlakucukkoy.com\/wp-content\/uploads\/2023\/05\/parla-otel-kucukkoy-ayvalik.jpg?resize=1024%2C768&amp;ssl=1 1024w, https:\/\/i0.wp.com\/parlakucukkoy.com\/wp-content\/uploads\/2023\/05\/parla-otel-kucukkoy-ayvalik.jpg?resize=768%2C576&amp;ssl=1 768w, https:\/\/i0.wp.com\/parlakucukkoy.com\/wp-content\/uploads\/2023\/05\/parla-otel-kucukkoy-ayvalik.jpg?resize=1536%2C1152&amp;ssl=1 1536w, https:\/\/i0.wp.com\/parlakucukkoy.com\/wp-content\/uploads\/2023\/05\/parla-otel-kucukkoy-ayvalik.jpg?w=1600&amp;ssl=1 1600w\" sizes=\"auto, (max-width: 800px) 100vw, 800px\" \/>\t\t\t\t\t\t\t\t\t\t\t\t\t\t\t<\/div>\n\t\t\t\t<\/div>\n\t\t\t\t\t<\/div>\n\t\t<\/div>\n\t\t\t\t<div class=\"elementor-column elementor-col-50 elementor-top-column elementor-element elementor-element-f32993f\" data-id=\"f32993f\" data-element_type=\"column\">\n\t\t\t<div class=\"elementor-widget-wrap elementor-element-populated\">\n\t\t\t\t\t\t\t\t<div class=\"elementor-element elementor-element-796d2345 elementor-widget elementor-widget-heading\" data-id=\"796d2345\" data-element_type=\"widget\" data-widget_type=\"heading.default\">\n\t\t\t\t<div class=\"elementor-widget-container\">\n\t\t\t<style>\/*! elementor - v3.15.0 - 20-08-2023 *\/\n.elementor-heading-title{padding:0;margin:0;line-height:1}.elementor-widget-heading .elementor-heading-title[class*=elementor-size-]>a{color:inherit;font-size:inherit;line-height:inherit}.elementor-widget-heading .elementor-heading-title.elementor-size-small{font-size:15px}.elementor-widget-heading .elementor-heading-title.elementor-size-medium{font-size:19px}.elementor-widget-heading .elementor-heading-title.elementor-size-large{font-size:29px}.elementor-widget-heading .elementor-heading-title.elementor-size-xl{font-size:39px}.elementor-widget-heading .elementor-heading-title.elementor-size-xxl{font-size:59px}<\/style><h1 class=\"elementor-heading-title elementor-size-default\">About Us<\/h1>\t\t<\/div>\n\t\t\t\t<\/div>\n\t\t\t\t<div class=\"elementor-element elementor-element-71ebc2f2 elementor-widget elementor-widget-text-editor\" data-id=\"71ebc2f2\" data-element_type=\"widget\" data-widget_type=\"text-editor.default\">\n\t\t\t\t<div class=\"elementor-widget-container\">\n\t\t\t<style>\/*! elementor - v3.15.0 - 20-08-2023 *\/\n.elementor-widget-text-editor.elementor-drop-cap-view-stacked .elementor-drop-cap{background-color:#69727d;color:#fff}.elementor-widget-text-editor.elementor-drop-cap-view-framed .elementor-drop-cap{color:#69727d;border:3px solid;background-color:transparent}.elementor-widget-text-editor:not(.elementor-drop-cap-view-default) .elementor-drop-cap{margin-top:8px}.elementor-widget-text-editor:not(.elementor-drop-cap-view-default) .elementor-drop-cap-letter{width:1em;height:1em}.elementor-widget-text-editor .elementor-drop-cap{float:left;text-align:center;line-height:1;font-size:50px}.elementor-widget-text-editor .elementor-drop-cap-letter{display:inline-block}<\/style>\t\t\t\t<h4><b>PARLA OTEL K\u00dc\u00c7\u00dcKK\u00d6Y<\/b><\/h4><p>Parla K\u00fc\u00e7\u00fckk\u00f6y, the shining star of Ayval\u0131k, opened its doors to guests in May 2023 in K\u00fc\u00e7\u00fckk\u00f6y. It is a family-run establishment built to reflect the spirit of the village. Our aim was to create a place where you can enjoy the simple and peaceful ambiance of K\u00fc\u00e7\u00fckk\u00f6y while feeling at home. The restored stone houses, uneven cobblestone streets, and historical texture of the village offer unique beauty and the opportunity to create your own reasons to love it, allowing you to enjoy it in every season. Parla Hotel, surrounded by the sound of birds, provides a peaceful and serene stay with meticulously decorated rooms. It consists of 11 rooms, including 2 Superior rooms, 2 deluxe rooms with balconies, and 7 deluxe rooms. <\/p><p>While strolling through the streets that exude a historical atmosphere, you will come across various surprises at every corner, such as art galleries, workshops, and boutique shops in K\u00fc\u00e7\u00fckk\u00f6y. Additionally, you can taste Bosnian cuisine in many cafes. K\u00fc\u00e7\u00fckk\u00f6y stands out as the newest attraction center in the Aegean region. You can also enjoy the beach at Sar\u0131msakl\u0131, which is just a 5-minute drive away, where we have a partnership with a Beach Club.<\/p>\t\t\t\t\t\t<\/div>\n\t\t\t\t<\/div>\n\t\t\t\t<div class=\"elementor-element elementor-element-7131f7ec elementor-view-default elementor-position-top elementor-mobile-position-top elementor-widget elementor-widget-icon-box\" data-id=\"7131f7ec\" data-element_type=\"widget\" data-widget_type=\"icon-box.default\">\n\t\t\t\t<div class=\"elementor-widget-container\">\n\t\t\t<link rel=\"stylesheet\" href=\"https:\/\/parlakucukkoy.com\/wp-content\/plugins\/elementor\/assets\/css\/widget-icon-box.min.css\">\t\t<div class=\"elementor-icon-box-wrapper\">\n\t\t\t\t\t\t<div class=\"elementor-icon-box-icon\">\n\t\t\t\t<span class=\"elementor-icon elementor-animation-\" >\n\t\t\t\t<svg xmlns=\"http:\/\/www.w3.org\/2000\/svg\" id=\"a57ec174-ff38-4389-b9d2-4eba1269329a\" data-name=\"Layer 1\" width=\"82\" height=\"67\" viewbox=\"0 0 82 67\"><path d=\"M20.3643,32.1382q0-8.7154,3.2583-12.8008Q27.1524,14.98,34.212,14.98V0Q17.3775,0,8.6887,10.0772,0,19.8821,0,37.313A104.1284,104.1284,0,0,0,4.6159,67H36.1126V37.0406H20.3643Z\"><\/path><path d=\"M66.2517,37.0406V32.1382q0-8.7154,3.2583-12.8008Q73.04,14.98,80.0994,14.98V0Q63.265,0,54.5763,10.0772q-8.6888,9.8049-8.6889,27.2358A104.1319,104.1319,0,0,0,50.5033,67H82V37.0406Z\"><\/path><\/svg>\t\t\t\t<\/span>\n\t\t\t<\/div>\n\t\t\t\t\t\t<div class=\"elementor-icon-box-content\">\n\t\t\t\t<p class=\"elementor-icon-box-title\">\n\t\t\t\t\t<span  >\n\t\t\t\t\t\t\"We invite you to Parla K\u00fc\u00e7\u00fckk\u00f6y for a comfortable, simple, and cozy accommodation experience, as well as the opportunity to discover new places, satisfy your curiosity about history and nature, and create new holiday memories blended with traditional flavors. Join us in this peaceful space for a truly serene getaway.\"\t\t\t\t\t<\/span>\n\t\t\t\t<\/p>\n\t\t\t\t\t\t\t\t\t<p class=\"elementor-icon-box-description\">\n\t\t\t\t\t\tParla Hotel K\u00fc\u00e7\u00fckk\u00f6y\t\t\t\t\t<\/p>\n\t\t\t\t\t\t\t<\/div>\n\t\t<\/div>\n\t\t\t\t<\/div>\n\t\t\t\t<\/div>\n\t\t\t\t\t<\/div>\n\t\t<\/div>\n\t\t\t\t\t\t\t<\/div>\n\t\t<\/section>\n\t\t\t\t\t\t\t<\/div>","protected":false},"excerpt":{"rendered":"<p>Hakk\u0131m\u0131zda PARLA OTEL K\u00dc\u00c7\u00dcKK\u00d6Y Ayval\u0131k\u2019\u0131n parlayan y\u0131ld\u0131z\u0131 K\u00fc\u00e7\u00fckk\u00f6y\u2019de 2023 May\u0131s ay\u0131nda kap\u0131lar\u0131n\u0131 misafirlerine a\u00e7an Parla K\u00fc\u00e7\u00fckk\u00f6y, k\u00f6y\u00fcn ruhunu yans\u0131tarak in\u015faa edilmi\u015f bir aile i\u015fletmesidir. Biz k\u00fc\u00e7\u00fckk\u00f6y\u00fcn sade ve huzurlu halinin keyfine var\u0131rken kendinizi evinizde hissedece\u011finiz bir mekan yaratmak istedik. K\u00f6y\u00fcn ruhunu yans\u0131tarak restore edilmi\u015f, y\u0131k\u0131k yada yenilenmi\u015f ta\u015f evleri yamuk Arnavut kald\u0131r\u0131mlar\u0131 ve tarihi dokusuyla [&hellip;]<\/p>","protected":false},"author":1,"featured_media":0,"parent":0,"menu_order":0,"comment_status":"closed","ping_status":"closed","template":"elementor_header_footer","meta":{"footnotes":""},"class_list":["post-18","page","type-page","status-publish","hentry"],"yoast_head":"<!-- This site is optimized with the Yoast SEO plugin v21.1 - https:\/\/yoast.com\/wordpress\/plugins\/seo\/ -->\n<title>Hakk\u0131m\u0131zda - Parla K\u00fc\u00e7\u00fckk\u00f6y<\/title>\n<meta name=\"robots\" content=\"index, follow, max-snippet:-1, max-image-preview:large, max-video-preview:-1\" \/>\n<link rel=\"canonical\" href=\"https:\/\/parlakucukkoy.com\/en\/hakkimizda\/\" \/>\n<meta property=\"og:locale\" content=\"en_GB\" \/>\n<meta property=\"og:type\" content=\"article\" \/>\n<meta property=\"og:title\" content=\"Hakk\u0131m\u0131zda - Parla K\u00fc\u00e7\u00fckk\u00f6y\" \/>\n<meta property=\"og:description\" content=\"Hakk\u0131m\u0131zda PARLA OTEL K\u00dc\u00c7\u00dcKK\u00d6Y Ayval\u0131k\u2019\u0131n parlayan y\u0131ld\u0131z\u0131 K\u00fc\u00e7\u00fckk\u00f6y\u2019de 2023 May\u0131s ay\u0131nda kap\u0131lar\u0131n\u0131 misafirlerine a\u00e7an Parla K\u00fc\u00e7\u00fckk\u00f6y, k\u00f6y\u00fcn ruhunu yans\u0131tarak in\u015faa edilmi\u015f bir aile i\u015fletmesidir. Biz k\u00fc\u00e7\u00fckk\u00f6y\u00fcn sade ve huzurlu halinin keyfine var\u0131rken kendinizi evinizde hissedece\u011finiz bir mekan yaratmak istedik. K\u00f6y\u00fcn ruhunu yans\u0131tarak restore edilmi\u015f, y\u0131k\u0131k yada yenilenmi\u015f ta\u015f evleri yamuk Arnavut kald\u0131r\u0131mlar\u0131 ve tarihi dokusuyla [&hellip;]\" \/>\n<meta property=\"og:url\" content=\"https:\/\/parlakucukkoy.com\/en\/hakkimizda\/\" \/>\n<meta property=\"og:site_name\" content=\"Parla K\u00fc\u00e7\u00fckk\u00f6y\" \/>\n<meta property=\"article:modified_time\" content=\"2023-05-26T09:56:30+00:00\" \/>\n<meta property=\"og:image\" content=\"https:\/\/parlakucukkoy.com\/wp-content\/uploads\/2023\/05\/parla-otel-kucukkoy-ayvalik.jpg\" \/>\n<meta name=\"twitter:card\" content=\"summary_large_image\" \/>\n<meta name=\"twitter:label1\" content=\"Estimated reading time\" \/>\n\t<meta name=\"twitter:data1\" content=\"2 minutes\" \/>\n<script type=\"application\/ld+json\" class=\"yoast-schema-graph\">{\"@context\":\"https:\/\/schema.org\",\"@graph\":[{\"@type\":\"WebPage\",\"@id\":\"https:\/\/parlakucukkoy.com\/hakkimizda\/\",\"url\":\"https:\/\/parlakucukkoy.com\/hakkimizda\/\",\"name\":\"Hakk\u0131m\u0131zda - Parla K\u00fc\u00e7\u00fckk\u00f6y\",\"isPartOf\":{\"@id\":\"https:\/\/parlakucukkoy.com\/#website\"},\"datePublished\":\"2023-05-21T23:19:51+00:00\",\"dateModified\":\"2023-05-26T09:56:30+00:00\",\"breadcrumb\":{\"@id\":\"https:\/\/parlakucukkoy.com\/hakkimizda\/#breadcrumb\"},\"inLanguage\":\"en-GB\",\"potentialAction\":[{\"@type\":\"ReadAction\",\"target\":[\"https:\/\/parlakucukkoy.com\/hakkimizda\/\"]}]},{\"@type\":\"BreadcrumbList\",\"@id\":\"https:\/\/parlakucukkoy.com\/hakkimizda\/#breadcrumb\",\"itemListElement\":[{\"@type\":\"ListItem\",\"position\":1,\"name\":\"Home\",\"item\":\"https:\/\/parlakucukkoy.com\/\"},{\"@type\":\"ListItem\",\"position\":2,\"name\":\"Hakk\u0131m\u0131zda\"}]},{\"@type\":\"WebSite\",\"@id\":\"https:\/\/parlakucukkoy.com\/#website\",\"url\":\"https:\/\/parlakucukkoy.com\/\",\"name\":\"Parla K\u00fc\u00e7\u00fckk\u00f6y Otel\",\"description\":\"Unutamayaca\u011f\u0131n\u0131z keyifli bir tatil i\u00e7in\",\"publisher\":{\"@id\":\"https:\/\/parlakucukkoy.com\/#organization\"},\"potentialAction\":[{\"@type\":\"SearchAction\",\"target\":{\"@type\":\"EntryPoint\",\"urlTemplate\":\"https:\/\/parlakucukkoy.com\/?s={search_term_string}\"},\"query-input\":\"required name=search_term_string\"}],\"inLanguage\":\"en-GB\"},{\"@type\":\"Organization\",\"@id\":\"https:\/\/parlakucukkoy.com\/#organization\",\"name\":\"Parla K\u00fc\u00e7\u00fckk\u00f6y Otel\",\"url\":\"https:\/\/parlakucukkoy.com\/\",\"logo\":{\"@type\":\"ImageObject\",\"inLanguage\":\"en-GB\",\"@id\":\"https:\/\/parlakucukkoy.com\/#\/schema\/logo\/image\/\",\"url\":\"https:\/\/i0.wp.com\/parlakucukkoy.com\/wp-content\/uploads\/2023\/05\/cropped-parla-kucukkoy-otel-ayvalik.png?fit=1209%2C805&ssl=1\",\"contentUrl\":\"https:\/\/i0.wp.com\/parlakucukkoy.com\/wp-content\/uploads\/2023\/05\/cropped-parla-kucukkoy-otel-ayvalik.png?fit=1209%2C805&ssl=1\",\"width\":1209,\"height\":805,\"caption\":\"Parla K\u00fc\u00e7\u00fckk\u00f6y Otel\"},\"image\":{\"@id\":\"https:\/\/parlakucukkoy.com\/#\/schema\/logo\/image\/\"}}]}<\/script>\n<!-- \/ Yoast SEO plugin. -->","yoast_head_json":{"title":"Hakk\u0131m\u0131zda - Parla K\u00fc\u00e7\u00fckk\u00f6y","robots":{"index":"index","follow":"follow","max-snippet":"max-snippet:-1","max-image-preview":"max-image-preview:large","max-video-preview":"max-video-preview:-1"},"canonical":"https:\/\/parlakucukkoy.com\/en\/hakkimizda\/","og_locale":"en_GB","og_type":"article","og_title":"Hakk\u0131m\u0131zda - Parla K\u00fc\u00e7\u00fckk\u00f6y","og_description":"Hakk\u0131m\u0131zda PARLA OTEL K\u00dc\u00c7\u00dcKK\u00d6Y Ayval\u0131k\u2019\u0131n parlayan y\u0131ld\u0131z\u0131 K\u00fc\u00e7\u00fckk\u00f6y\u2019de 2023 May\u0131s ay\u0131nda kap\u0131lar\u0131n\u0131 misafirlerine a\u00e7an Parla K\u00fc\u00e7\u00fckk\u00f6y, k\u00f6y\u00fcn ruhunu yans\u0131tarak in\u015faa edilmi\u015f bir aile i\u015fletmesidir. Biz k\u00fc\u00e7\u00fckk\u00f6y\u00fcn sade ve huzurlu halinin keyfine var\u0131rken kendinizi evinizde hissedece\u011finiz bir mekan yaratmak istedik. K\u00f6y\u00fcn ruhunu yans\u0131tarak restore edilmi\u015f, y\u0131k\u0131k yada yenilenmi\u015f ta\u015f evleri yamuk Arnavut kald\u0131r\u0131mlar\u0131 ve tarihi dokusuyla [&hellip;]","og_url":"https:\/\/parlakucukkoy.com\/en\/hakkimizda\/","og_site_name":"Parla K\u00fc\u00e7\u00fckk\u00f6y","article_modified_time":"2023-05-26T09:56:30+00:00","og_image":[{"url":"https:\/\/parlakucukkoy.com\/wp-content\/uploads\/2023\/05\/parla-otel-kucukkoy-ayvalik.jpg"}],"twitter_card":"summary_large_image","twitter_misc":{"Estimated reading time":"2 minutes"},"schema":{"@context":"https:\/\/schema.org","@graph":[{"@type":"WebPage","@id":"https:\/\/parlakucukkoy.com\/hakkimizda\/","url":"https:\/\/parlakucukkoy.com\/hakkimizda\/","name":"Hakk\u0131m\u0131zda - Parla K\u00fc\u00e7\u00fckk\u00f6y","isPartOf":{"@id":"https:\/\/parlakucukkoy.com\/#website"},"datePublished":"2023-05-21T23:19:51+00:00","dateModified":"2023-05-26T09:56:30+00:00","breadcrumb":{"@id":"https:\/\/parlakucukkoy.com\/hakkimizda\/#breadcrumb"},"inLanguage":"en-GB","potentialAction":[{"@type":"ReadAction","target":["https:\/\/parlakucukkoy.com\/hakkimizda\/"]}]},{"@type":"BreadcrumbList","@id":"https:\/\/parlakucukkoy.com\/hakkimizda\/#breadcrumb","itemListElement":[{"@type":"ListItem","position":1,"name":"Home","item":"https:\/\/parlakucukkoy.com\/"},{"@type":"ListItem","position":2,"name":"Hakk\u0131m\u0131zda"}]},{"@type":"WebSite","@id":"https:\/\/parlakucukkoy.com\/#website","url":"https:\/\/parlakucukkoy.com\/","name":"Parla K\u00fc\u00e7\u00fckk\u00f6y Otel","description":"Unutamayaca\u011f\u0131n\u0131z keyifli bir tatil i\u00e7in","publisher":{"@id":"https:\/\/parlakucukkoy.com\/#organization"},"potentialAction":[{"@type":"SearchAction","target":{"@type":"EntryPoint","urlTemplate":"https:\/\/parlakucukkoy.com\/?s={search_term_string}"},"query-input":"required name=search_term_string"}],"inLanguage":"en-GB"},{"@type":"Organization","@id":"https:\/\/parlakucukkoy.com\/#organization","name":"Parla K\u00fc\u00e7\u00fckk\u00f6y Otel","url":"https:\/\/parlakucukkoy.com\/","logo":{"@type":"ImageObject","inLanguage":"en-GB","@id":"https:\/\/parlakucukkoy.com\/#\/schema\/logo\/image\/","url":"https:\/\/i0.wp.com\/parlakucukkoy.com\/wp-content\/uploads\/2023\/05\/cropped-parla-kucukkoy-otel-ayvalik.png?fit=1209%2C805&ssl=1","contentUrl":"https:\/\/i0.wp.com\/parlakucukkoy.com\/wp-content\/uploads\/2023\/05\/cropped-parla-kucukkoy-otel-ayvalik.png?fit=1209%2C805&ssl=1","width":1209,"height":805,"caption":"Parla K\u00fc\u00e7\u00fckk\u00f6y Otel"},"image":{"@id":"https:\/\/parlakucukkoy.com\/#\/schema\/logo\/image\/"}}]}},"_links":{"self":[{"href":"https:\/\/parlakucukkoy.com\/en\/wp-json\/wp\/v2\/pages\/18","targetHints":{"allow":["GET"]}}],"collection":[{"href":"https:\/\/parlakucukkoy.com\/en\/wp-json\/wp\/v2\/pages"}],"about":[{"href":"https:\/\/parlakucukkoy.com\/en\/wp-json\/wp\/v2\/types\/page"}],"author":[{"embeddable":true,"href":"https:\/\/parlakucukkoy.com\/en\/wp-json\/wp\/v2\/users\/1"}],"replies":[{"embeddable":true,"href":"https:\/\/parlakucukkoy.com\/en\/wp-json\/wp\/v2\/comments?post=18"}],"version-history":[{"count":14,"href":"https:\/\/parlakucukkoy.com\/en\/wp-json\/wp\/v2\/pages\/18\/revisions"}],"predecessor-version":[{"id":247,"href":"https:\/\/parlakucukkoy.com\/en\/wp-json\/wp\/v2\/pages\/18\/revisions\/247"}],"wp:attachment":[{"href":"https:\/\/parlakucukkoy.com\/en\/wp-json\/wp\/v2\/media?parent=18"}],"curies":[{"name":"wp","href":"https:\/\/api.w.org\/{rel}","templated":true}]}}