{"id":11,"date":"2023-05-21T23:19:49","date_gmt":"2023-05-21T23:19:49","guid":{"rendered":"https:\/\/parlakucukkoy.com\/index.php\/contact\/"},"modified":"2023-07-02T21:57:24","modified_gmt":"2023-07-02T21:57:24","slug":"iletisim","status":"publish","type":"page","link":"https:\/\/parlakucukkoy.com\/en\/iletisim\/","title":{"rendered":"Contact Us"},"content":{"rendered":"<div data-elementor-type=\"wp-page\" data-elementor-id=\"11\" class=\"elementor elementor-11\">\n\t\t\t\t\t\t\t\t\t<section class=\"elementor-section elementor-top-section elementor-element elementor-element-4b54b37e elementor-section-height-min-height elementor-section-boxed elementor-section-height-default elementor-section-items-middle\" data-id=\"4b54b37e\" data-element_type=\"section\" data-settings=\"{&quot;background_background&quot;:&quot;classic&quot;}\">\n\t\t\t\t\t\t<div class=\"elementor-container elementor-column-gap-no\">\n\t\t\t\t\t<div class=\"elementor-column elementor-col-100 elementor-top-column elementor-element elementor-element-b0ad017\" data-id=\"b0ad017\" data-element_type=\"column\" data-settings=\"{&quot;background_background&quot;:&quot;classic&quot;}\">\n\t\t\t<div class=\"elementor-widget-wrap elementor-element-populated\">\n\t\t\t\t\t\t\t\t<div class=\"elementor-element elementor-element-762f8d9d elementor-widget elementor-widget-heading\" data-id=\"762f8d9d\" data-element_type=\"widget\" data-widget_type=\"heading.default\">\n\t\t\t\t<div class=\"elementor-widget-container\">\n\t\t\t<style>\/*! elementor - v3.15.0 - 20-08-2023 *\/\n.elementor-heading-title{padding:0;margin:0;line-height:1}.elementor-widget-heading .elementor-heading-title[class*=elementor-size-]>a{color:inherit;font-size:inherit;line-height:inherit}.elementor-widget-heading .elementor-heading-title.elementor-size-small{font-size:15px}.elementor-widget-heading .elementor-heading-title.elementor-size-medium{font-size:19px}.elementor-widget-heading .elementor-heading-title.elementor-size-large{font-size:29px}.elementor-widget-heading .elementor-heading-title.elementor-size-xl{font-size:39px}.elementor-widget-heading .elementor-heading-title.elementor-size-xxl{font-size:59px}<\/style><h1 class=\"elementor-heading-title elementor-size-default\">Contact Us<\/h1>\t\t<\/div>\n\t\t\t\t<\/div>\n\t\t\t\t<section class=\"elementor-section elementor-inner-section elementor-element elementor-element-3291e5c9 elementor-section-boxed elementor-section-height-default elementor-section-height-default\" data-id=\"3291e5c9\" data-element_type=\"section\">\n\t\t\t\t\t\t<div class=\"elementor-container elementor-column-gap-no\">\n\t\t\t\t\t<div class=\"elementor-column elementor-col-100 elementor-inner-column elementor-element elementor-element-20d60f53\" data-id=\"20d60f53\" data-element_type=\"column\">\n\t\t\t<div class=\"elementor-widget-wrap elementor-element-populated\">\n\t\t\t\t\t\t\t\t<div class=\"elementor-element elementor-element-2e9dea8c elementor-widget elementor-widget-text-editor\" data-id=\"2e9dea8c\" data-element_type=\"widget\" data-widget_type=\"text-editor.default\">\n\t\t\t\t<div class=\"elementor-widget-container\">\n\t\t\t<style>\/*! elementor - v3.15.0 - 20-08-2023 *\/\n.elementor-widget-text-editor.elementor-drop-cap-view-stacked .elementor-drop-cap{background-color:#69727d;color:#fff}.elementor-widget-text-editor.elementor-drop-cap-view-framed .elementor-drop-cap{color:#69727d;border:3px solid;background-color:transparent}.elementor-widget-text-editor:not(.elementor-drop-cap-view-default) .elementor-drop-cap{margin-top:8px}.elementor-widget-text-editor:not(.elementor-drop-cap-view-default) .elementor-drop-cap-letter{width:1em;height:1em}.elementor-widget-text-editor .elementor-drop-cap{float:left;text-align:center;line-height:1;font-size:50px}.elementor-widget-text-editor .elementor-drop-cap-letter{display:inline-block}<\/style>\t\t\t\t<p>Contact us for the holiday you have been dreaming of to get rid of the fatigue of the year.<\/p>\t\t\t\t\t\t<\/div>\n\t\t\t\t<\/div>\n\t\t\t\t<div class=\"elementor-element elementor-element-b126f16 elementor-widget-divider--view-line elementor-widget elementor-widget-divider\" data-id=\"b126f16\" data-element_type=\"widget\" data-widget_type=\"divider.default\">\n\t\t\t\t<div class=\"elementor-widget-container\">\n\t\t\t<style>\/*! elementor - v3.15.0 - 20-08-2023 *\/\n.elementor-widget-divider{--divider-border-style:none;--divider-border-width:1px;--divider-color:#0c0d0e;--divider-icon-size:20px;--divider-element-spacing:10px;--divider-pattern-height:24px;--divider-pattern-size:20px;--divider-pattern-url:none;--divider-pattern-repeat:repeat-x}.elementor-widget-divider .elementor-divider{display:flex}.elementor-widget-divider .elementor-divider__text{font-size:15px;line-height:1;max-width:95%}.elementor-widget-divider .elementor-divider__element{margin:0 var(--divider-element-spacing);flex-shrink:0}.elementor-widget-divider .elementor-icon{font-size:var(--divider-icon-size)}.elementor-widget-divider .elementor-divider-separator{display:flex;margin:0;direction:ltr}.elementor-widget-divider--view-line_icon .elementor-divider-separator,.elementor-widget-divider--view-line_text .elementor-divider-separator{align-items:center}.elementor-widget-divider--view-line_icon .elementor-divider-separator:after,.elementor-widget-divider--view-line_icon .elementor-divider-separator:before,.elementor-widget-divider--view-line_text .elementor-divider-separator:after,.elementor-widget-divider--view-line_text .elementor-divider-separator:before{display:block;content:\"\";border-bottom:0;flex-grow:1;border-top:var(--divider-border-width) var(--divider-border-style) var(--divider-color)}.elementor-widget-divider--element-align-left .elementor-divider .elementor-divider-separator>.elementor-divider__svg:first-of-type{flex-grow:0;flex-shrink:100}.elementor-widget-divider--element-align-left .elementor-divider-separator:before{content:none}.elementor-widget-divider--element-align-left .elementor-divider__element{margin-left:0}.elementor-widget-divider--element-align-right .elementor-divider .elementor-divider-separator>.elementor-divider__svg:last-of-type{flex-grow:0;flex-shrink:100}.elementor-widget-divider--element-align-right .elementor-divider-separator:after{content:none}.elementor-widget-divider--element-align-right .elementor-divider__element{margin-right:0}.elementor-widget-divider:not(.elementor-widget-divider--view-line_text):not(.elementor-widget-divider--view-line_icon) .elementor-divider-separator{border-top:var(--divider-border-width) var(--divider-border-style) var(--divider-color)}.elementor-widget-divider--separator-type-pattern{--divider-border-style:none}.elementor-widget-divider--separator-type-pattern.elementor-widget-divider--view-line .elementor-divider-separator,.elementor-widget-divider--separator-type-pattern:not(.elementor-widget-divider--view-line) .elementor-divider-separator:after,.elementor-widget-divider--separator-type-pattern:not(.elementor-widget-divider--view-line) .elementor-divider-separator:before,.elementor-widget-divider--separator-type-pattern:not([class*=elementor-widget-divider--view]) .elementor-divider-separator{width:100%;min-height:var(--divider-pattern-height);-webkit-mask-size:var(--divider-pattern-size) 100%;mask-size:var(--divider-pattern-size) 100%;-webkit-mask-repeat:var(--divider-pattern-repeat);mask-repeat:var(--divider-pattern-repeat);background-color:var(--divider-color);-webkit-mask-image:var(--divider-pattern-url);mask-image:var(--divider-pattern-url)}.elementor-widget-divider--no-spacing{--divider-pattern-size:auto}.elementor-widget-divider--bg-round{--divider-pattern-repeat:round}.rtl .elementor-widget-divider .elementor-divider__text{direction:rtl}.e-con-inner>.elementor-widget-divider,.e-con>.elementor-widget-divider{width:var(--container-widget-width,100%);--flex-grow:var(--container-widget-flex-grow)}<\/style>\t\t<div class=\"elementor-divider\">\n\t\t\t<span class=\"elementor-divider-separator\">\n\t\t\t\t\t\t<\/span>\n\t\t<\/div>\n\t\t\t\t<\/div>\n\t\t\t\t<\/div>\n\t\t\t\t<div class=\"elementor-element elementor-element-14b3eef6 elementor-align-center elementor-icon-list--layout-traditional elementor-list-item-link-full_width elementor-widget elementor-widget-icon-list\" data-id=\"14b3eef6\" data-element_type=\"widget\" data-widget_type=\"icon-list.default\">\n\t\t\t\t<div class=\"elementor-widget-container\">\n\t\t\t<link rel=\"stylesheet\" href=\"https:\/\/parlakucukkoy.com\/wp-content\/plugins\/elementor\/assets\/css\/widget-icon-list.min.css\">\t\t<ul class=\"elementor-icon-list-items\">\n\t\t\t\t\t\t\t<li class=\"elementor-icon-list-item\">\n\t\t\t\t\t\t\t\t\t\t<span class=\"elementor-icon-list-text\">ADRES: K\u00fc\u00e7\u00fckk\u00f6y mahallesi Ayy\u0131ld\u0131z caddesi no 35 Ayval\u0131k Bal\u0131kesir\u00a010410<\/span>\n\t\t\t\t\t\t\t\t\t<\/li>\n\t\t\t\t\t\t\t\t<li class=\"elementor-icon-list-item\">\n\t\t\t\t\t\t\t\t\t\t<span class=\"elementor-icon-list-text\">TELEFON: +90 (535) 950 45\u00a074<\/span>\n\t\t\t\t\t\t\t\t\t<\/li>\n\t\t\t\t\t\t\t\t<li class=\"elementor-icon-list-item\">\n\t\t\t\t\t\t\t\t\t\t<span class=\"elementor-icon-list-text\">EMAIL: mustafaarslan@parlakucukkoy.com<\/span>\n\t\t\t\t\t\t\t\t\t<\/li>\n\t\t\t\t\t\t<\/ul>\n\t\t\t\t<\/div>\n\t\t\t\t<\/div>\n\t\t\t\t\t<\/div>\n\t\t<\/div>\n\t\t\t\t\t\t\t<\/div>\n\t\t<\/section>\n\t\t\t\t\t<\/div>\n\t\t<\/div>\n\t\t\t\t\t\t\t<\/div>\n\t\t<\/section>\n\t\t<div class=\"elementor-element elementor-element-3196533 e-flex e-con-boxed e-con\" data-id=\"3196533\" data-element_type=\"container\" data-settings=\"{&quot;content_width&quot;:&quot;boxed&quot;}\">\n\t\t\t\t\t<div class=\"e-con-inner\">\n\t\t\t\t<div class=\"elementor-element elementor-element-eecbff5 elementor-widget elementor-widget-google_maps\" data-id=\"eecbff5\" data-element_type=\"widget\" data-widget_type=\"google_maps.default\">\n\t\t\t\t<div class=\"elementor-widget-container\">\n\t\t\t<style>\/*! elementor - v3.15.0 - 20-08-2023 *\/\n.elementor-widget-google_maps .elementor-widget-container{overflow:hidden}.elementor-widget-google_maps .elementor-custom-embed{line-height:0}.elementor-widget-google_maps iframe{height:300px}<\/style>\t\t<div class=\"elementor-custom-embed\">\n\t\t\t<iframe loading=\"lazy\"\n\t\t\t\t\tsrc=\"https:\/\/maps.google.com\/maps?q=Parla%20Kucukkoy%20Otel&#038;t=m&#038;z=13&#038;output=embed&#038;iwloc=near\"\n\t\t\t\t\ttitle=\"Parla Kucukkoy Otel\"\n\t\t\t\t\taria-label=\"Parla Kucukkoy Otel\"\n\t\t\t><\/iframe>\n\t\t<\/div>\n\t\t\t\t<\/div>\n\t\t\t\t<\/div>\n\t\t\t\t\t<\/div>\n\t\t\t\t<\/div>\n\t\t\t\t\t\t\t<\/div>","protected":false},"excerpt":{"rendered":"<p>Bize Ula\u015f\u0131n Y\u0131l\u0131n yorgunlu\u011funu atmak i\u00e7in d\u00fc\u015fledi\u011finiz tatil i\u00e7in bize ula\u015f\u0131n. ADRES: K\u00fc\u00e7\u00fckk\u00f6y mahallesi Ayy\u0131ld\u0131z caddesi no 35 Ayval\u0131k Bal\u0131kesir\u00a010410 TELEFON: +90 (535) 950 45\u00a074 EPOSTA: mustafaarslan@parlakucukkoy.com<\/p>","protected":false},"author":1,"featured_media":0,"parent":0,"menu_order":0,"comment_status":"closed","ping_status":"closed","template":"elementor_header_footer","meta":{"footnotes":""},"class_list":["post-11","page","type-page","status-publish","hentry"],"yoast_head":"<!-- This site is optimized with the Yoast SEO plugin v21.1 - https:\/\/yoast.com\/wordpress\/plugins\/seo\/ -->\n<title>\u0130leti\u015fim - Parla K\u00fc\u00e7\u00fckk\u00f6y<\/title>\n<meta name=\"robots\" content=\"index, follow, max-snippet:-1, max-image-preview:large, max-video-preview:-1\" \/>\n<link rel=\"canonical\" href=\"https:\/\/parlakucukkoy.com\/en\/iletisim\/\" \/>\n<meta property=\"og:locale\" content=\"en_GB\" \/>\n<meta property=\"og:type\" content=\"article\" \/>\n<meta property=\"og:title\" content=\"\u0130leti\u015fim - Parla K\u00fc\u00e7\u00fckk\u00f6y\" \/>\n<meta property=\"og:description\" content=\"Bize Ula\u015f\u0131n Y\u0131l\u0131n yorgunlu\u011funu atmak i\u00e7in d\u00fc\u015fledi\u011finiz tatil i\u00e7in bize ula\u015f\u0131n. ADRES: K\u00fc\u00e7\u00fckk\u00f6y mahallesi Ayy\u0131ld\u0131z caddesi no 35 Ayval\u0131k Bal\u0131kesir\u00a010410 TELEFON: +90 (535) 950 45\u00a074 EPOSTA: mustafaarslan@parlakucukkoy.com\" \/>\n<meta property=\"og:url\" content=\"https:\/\/parlakucukkoy.com\/en\/iletisim\/\" \/>\n<meta property=\"og:site_name\" content=\"Parla K\u00fc\u00e7\u00fckk\u00f6y\" \/>\n<meta property=\"article:modified_time\" content=\"2023-07-02T21:57:24+00:00\" \/>\n<meta name=\"twitter:card\" content=\"summary_large_image\" \/>\n<meta name=\"twitter:label1\" content=\"Estimated reading time\" \/>\n\t<meta name=\"twitter:data1\" content=\"1 minute\" \/>\n<script type=\"application\/ld+json\" class=\"yoast-schema-graph\">{\"@context\":\"https:\/\/schema.org\",\"@graph\":[{\"@type\":\"WebPage\",\"@id\":\"https:\/\/parlakucukkoy.com\/iletisim\/\",\"url\":\"https:\/\/parlakucukkoy.com\/iletisim\/\",\"name\":\"\u0130leti\u015fim - Parla K\u00fc\u00e7\u00fckk\u00f6y\",\"isPartOf\":{\"@id\":\"https:\/\/parlakucukkoy.com\/#website\"},\"datePublished\":\"2023-05-21T23:19:49+00:00\",\"dateModified\":\"2023-07-02T21:57:24+00:00\",\"breadcrumb\":{\"@id\":\"https:\/\/parlakucukkoy.com\/iletisim\/#breadcrumb\"},\"inLanguage\":\"en-GB\",\"potentialAction\":[{\"@type\":\"ReadAction\",\"target\":[\"https:\/\/parlakucukkoy.com\/iletisim\/\"]}]},{\"@type\":\"BreadcrumbList\",\"@id\":\"https:\/\/parlakucukkoy.com\/iletisim\/#breadcrumb\",\"itemListElement\":[{\"@type\":\"ListItem\",\"position\":1,\"name\":\"Home\",\"item\":\"https:\/\/parlakucukkoy.com\/\"},{\"@type\":\"ListItem\",\"position\":2,\"name\":\"\u0130leti\u015fim\"}]},{\"@type\":\"WebSite\",\"@id\":\"https:\/\/parlakucukkoy.com\/#website\",\"url\":\"https:\/\/parlakucukkoy.com\/\",\"name\":\"Parla K\u00fc\u00e7\u00fckk\u00f6y Otel\",\"description\":\"Unutamayaca\u011f\u0131n\u0131z keyifli bir tatil i\u00e7in\",\"publisher\":{\"@id\":\"https:\/\/parlakucukkoy.com\/#organization\"},\"potentialAction\":[{\"@type\":\"SearchAction\",\"target\":{\"@type\":\"EntryPoint\",\"urlTemplate\":\"https:\/\/parlakucukkoy.com\/?s={search_term_string}\"},\"query-input\":\"required name=search_term_string\"}],\"inLanguage\":\"en-GB\"},{\"@type\":\"Organization\",\"@id\":\"https:\/\/parlakucukkoy.com\/#organization\",\"name\":\"Parla K\u00fc\u00e7\u00fckk\u00f6y Otel\",\"url\":\"https:\/\/parlakucukkoy.com\/\",\"logo\":{\"@type\":\"ImageObject\",\"inLanguage\":\"en-GB\",\"@id\":\"https:\/\/parlakucukkoy.com\/#\/schema\/logo\/image\/\",\"url\":\"https:\/\/i0.wp.com\/parlakucukkoy.com\/wp-content\/uploads\/2023\/05\/cropped-parla-kucukkoy-otel-ayvalik.png?fit=1209%2C805&ssl=1\",\"contentUrl\":\"https:\/\/i0.wp.com\/parlakucukkoy.com\/wp-content\/uploads\/2023\/05\/cropped-parla-kucukkoy-otel-ayvalik.png?fit=1209%2C805&ssl=1\",\"width\":1209,\"height\":805,\"caption\":\"Parla K\u00fc\u00e7\u00fckk\u00f6y Otel\"},\"image\":{\"@id\":\"https:\/\/parlakucukkoy.com\/#\/schema\/logo\/image\/\"}}]}<\/script>\n<!-- \/ Yoast SEO plugin. -->","yoast_head_json":{"title":"\u0130leti\u015fim - Parla K\u00fc\u00e7\u00fckk\u00f6y","robots":{"index":"index","follow":"follow","max-snippet":"max-snippet:-1","max-image-preview":"max-image-preview:large","max-video-preview":"max-video-preview:-1"},"canonical":"https:\/\/parlakucukkoy.com\/en\/iletisim\/","og_locale":"en_GB","og_type":"article","og_title":"\u0130leti\u015fim - Parla K\u00fc\u00e7\u00fckk\u00f6y","og_description":"Bize Ula\u015f\u0131n Y\u0131l\u0131n yorgunlu\u011funu atmak i\u00e7in d\u00fc\u015fledi\u011finiz tatil i\u00e7in bize ula\u015f\u0131n. ADRES: K\u00fc\u00e7\u00fckk\u00f6y mahallesi Ayy\u0131ld\u0131z caddesi no 35 Ayval\u0131k Bal\u0131kesir\u00a010410 TELEFON: +90 (535) 950 45\u00a074 EPOSTA: mustafaarslan@parlakucukkoy.com","og_url":"https:\/\/parlakucukkoy.com\/en\/iletisim\/","og_site_name":"Parla K\u00fc\u00e7\u00fckk\u00f6y","article_modified_time":"2023-07-02T21:57:24+00:00","twitter_card":"summary_large_image","twitter_misc":{"Estimated reading time":"1 minute"},"schema":{"@context":"https:\/\/schema.org","@graph":[{"@type":"WebPage","@id":"https:\/\/parlakucukkoy.com\/iletisim\/","url":"https:\/\/parlakucukkoy.com\/iletisim\/","name":"\u0130leti\u015fim - Parla K\u00fc\u00e7\u00fckk\u00f6y","isPartOf":{"@id":"https:\/\/parlakucukkoy.com\/#website"},"datePublished":"2023-05-21T23:19:49+00:00","dateModified":"2023-07-02T21:57:24+00:00","breadcrumb":{"@id":"https:\/\/parlakucukkoy.com\/iletisim\/#breadcrumb"},"inLanguage":"en-GB","potentialAction":[{"@type":"ReadAction","target":["https:\/\/parlakucukkoy.com\/iletisim\/"]}]},{"@type":"BreadcrumbList","@id":"https:\/\/parlakucukkoy.com\/iletisim\/#breadcrumb","itemListElement":[{"@type":"ListItem","position":1,"name":"Home","item":"https:\/\/parlakucukkoy.com\/"},{"@type":"ListItem","position":2,"name":"\u0130leti\u015fim"}]},{"@type":"WebSite","@id":"https:\/\/parlakucukkoy.com\/#website","url":"https:\/\/parlakucukkoy.com\/","name":"Parla K\u00fc\u00e7\u00fckk\u00f6y Otel","description":"Unutamayaca\u011f\u0131n\u0131z keyifli bir tatil i\u00e7in","publisher":{"@id":"https:\/\/parlakucukkoy.com\/#organization"},"potentialAction":[{"@type":"SearchAction","target":{"@type":"EntryPoint","urlTemplate":"https:\/\/parlakucukkoy.com\/?s={search_term_string}"},"query-input":"required name=search_term_string"}],"inLanguage":"en-GB"},{"@type":"Organization","@id":"https:\/\/parlakucukkoy.com\/#organization","name":"Parla K\u00fc\u00e7\u00fckk\u00f6y Otel","url":"https:\/\/parlakucukkoy.com\/","logo":{"@type":"ImageObject","inLanguage":"en-GB","@id":"https:\/\/parlakucukkoy.com\/#\/schema\/logo\/image\/","url":"https:\/\/i0.wp.com\/parlakucukkoy.com\/wp-content\/uploads\/2023\/05\/cropped-parla-kucukkoy-otel-ayvalik.png?fit=1209%2C805&ssl=1","contentUrl":"https:\/\/i0.wp.com\/parlakucukkoy.com\/wp-content\/uploads\/2023\/05\/cropped-parla-kucukkoy-otel-ayvalik.png?fit=1209%2C805&ssl=1","width":1209,"height":805,"caption":"Parla K\u00fc\u00e7\u00fckk\u00f6y Otel"},"image":{"@id":"https:\/\/parlakucukkoy.com\/#\/schema\/logo\/image\/"}}]}},"_links":{"self":[{"href":"https:\/\/parlakucukkoy.com\/en\/wp-json\/wp\/v2\/pages\/11","targetHints":{"allow":["GET"]}}],"collection":[{"href":"https:\/\/parlakucukkoy.com\/en\/wp-json\/wp\/v2\/pages"}],"about":[{"href":"https:\/\/parlakucukkoy.com\/en\/wp-json\/wp\/v2\/types\/page"}],"author":[{"embeddable":true,"href":"https:\/\/parlakucukkoy.com\/en\/wp-json\/wp\/v2\/users\/1"}],"replies":[{"embeddable":true,"href":"https:\/\/parlakucukkoy.com\/en\/wp-json\/wp\/v2\/comments?post=11"}],"version-history":[{"count":23,"href":"https:\/\/parlakucukkoy.com\/en\/wp-json\/wp\/v2\/pages\/11\/revisions"}],"predecessor-version":[{"id":261,"href":"https:\/\/parlakucukkoy.com\/en\/wp-json\/wp\/v2\/pages\/11\/revisions\/261"}],"wp:attachment":[{"href":"https:\/\/parlakucukkoy.com\/en\/wp-json\/wp\/v2\/media?parent=11"}],"curies":[{"name":"wp","href":"https:\/\/api.w.org\/{rel}","templated":true}]}}